{"id":7,"date":"2021-01-01T00:01:00","date_gmt":"2020-12-31T23:01:00","guid":{"rendered":"http:\/\/willyboye.com\/?page_id=7"},"modified":"2021-01-12T19:13:24","modified_gmt":"2021-01-12T18:13:24","slug":"accueil","status":"publish","type":"page","link":"https:\/\/willyboye.com\/index.php\/accueil\/","title":{"rendered":"Bienvenue chez moi !"},"content":{"rendered":"\n<p>\u00c0 TABLE ! Je vous propose de l&rsquo;actualit\u00e9, des conseils, de la d\u00e9tente, des succ\u00e8s !. Promouvoir, partager avec gourmandise \ud83d\ude1c Ingr\u00e9dients \ud83d\ude02: <strong><em>immobilier, la r\u00e9novation, l&rsquo;\u00e9co-construction, l&rsquo;innovation<\/em><\/strong>,  etc. Je vous conseille et vous accompagne dans vos projets de vie !<\/p>\n","protected":false},"excerpt":{"rendered":"<p>\u00c0 TABLE ! Je vous propose de l&rsquo;actualit\u00e9, des conseils, de la d\u00e9tente, des succ\u00e8s !. Promouvoir, partager avec gourmandise \ud83d\ude1c Ingr\u00e9dients \ud83d\ude02: immobilier, la r\u00e9novation, l&rsquo;\u00e9co-construction, l&rsquo;innovation, etc. Je vous conseille et vous accompagne dans vos projets de vie !<\/p>\n","protected":false},"author":1,"featured_media":0,"parent":0,"menu_order":0,"comment_status":"closed","ping_status":"closed","template":"","meta":{"footnotes":""},"class_list":["post-7","page","type-page","status-publish","hentry"],"_links":{"self":[{"href":"https:\/\/willyboye.com\/index.php\/wp-json\/wp\/v2\/pages\/7","targetHints":{"allow":["GET"]}}],"collection":[{"href":"https:\/\/willyboye.com\/index.php\/wp-json\/wp\/v2\/pages"}],"about":[{"href":"https:\/\/willyboye.com\/index.php\/wp-json\/wp\/v2\/types\/page"}],"author":[{"embeddable":true,"href":"https:\/\/willyboye.com\/index.php\/wp-json\/wp\/v2\/users\/1"}],"replies":[{"embeddable":true,"href":"https:\/\/willyboye.com\/index.php\/wp-json\/wp\/v2\/comments?post=7"}],"version-history":[{"count":13,"href":"https:\/\/willyboye.com\/index.php\/wp-json\/wp\/v2\/pages\/7\/revisions"}],"predecessor-version":[{"id":73,"href":"https:\/\/willyboye.com\/index.php\/wp-json\/wp\/v2\/pages\/7\/revisions\/73"}],"wp:attachment":[{"href":"https:\/\/willyboye.com\/index.php\/wp-json\/wp\/v2\/media?parent=7"}],"curies":[{"name":"wp","href":"https:\/\/api.w.org\/{rel}","templated":true}]}}